{"id":88,"date":"2019-01-27T18:57:58","date_gmt":"2019-01-27T17:57:58","guid":{"rendered":"https:\/\/carolina.viajes\/?page_id=88"},"modified":"2019-01-27T21:39:37","modified_gmt":"2019-01-27T20:39:37","slug":"sobre-mi","status":"publish","type":"page","link":"https:\/\/carolina.viajes\/?page_id=88","title":{"rendered":"Sobre m\u00ed"},"content":{"rendered":"\n<div class=\"wp-block-image\"><figure class=\"alignleft is-resized\"><img loading=\"lazy\" src=\"https:\/\/carolina.viajes\/wp-content\/uploads\/2019\/01\/IMG_1138-e1548612136811-1024x768.jpg\" alt=\"\" class=\"wp-image-94\" width=\"349\" height=\"262\" srcset=\"https:\/\/carolina.viajes\/wp-content\/uploads\/2019\/01\/IMG_1138-e1548612136811-1024x768.jpg 1024w, https:\/\/carolina.viajes\/wp-content\/uploads\/2019\/01\/IMG_1138-e1548612136811-300x225.jpg 300w, https:\/\/carolina.viajes\/wp-content\/uploads\/2019\/01\/IMG_1138-e1548612136811-768x576.jpg 768w, https:\/\/carolina.viajes\/wp-content\/uploads\/2019\/01\/IMG_1138-e1548612136811-1140x855.jpg 1140w\" sizes=\"(max-width: 349px) 100vw, 349px\" \/><figcaption>Memorias del Amazonas. Iquitos &#8211; Per\u00fa 2017<\/figcaption><\/figure><\/div>\n\n\n\n<p>Viajar ha estado siempre en mi ADN y en mi mente desde que tengo uso de raz\u00f3n. Mis primeros viajes empezaron en Espa\u00f1a, mi pa\u00eds natal, aunque ahora mismo me considero m\u00e1s bien ciudadana europea y del mundo. A trav\u00e9s de estos a\u00f1os, el hecho de vivir en distintos pa\u00edses y el viajar de forma asidua, han ido forjando lentamente pero sin descanso mi forma de pensar y de entender el mundo. Sinceramente creo que el recorrer distintos lugares, conectar con gente de otras culturas, ver distintas formas de vivir o sobrevivir; abre la mente y ayuda a comprender mejor la vida.<\/p>\n\n\n\n<p>A lo largo de todos estos viajes -innumerables ya-, me he dado cuenta que en todas las culturas la gente tiene las mismas preocupaciones y necesidades b\u00e1sicas. Realmente es enriquecedor ver que a pesar del idioma, la raza, la religi\u00f3n, cultura o cualquier otro factor externo que nos diferencie, al final las personas somos muy similares entre nosotras. <\/p>\n\n\n\n<p>Me maravilla el entrar en contacto con esas gentes de aspecto a veces diferente, y con culturas tan dispares a la m\u00eda, descubrir nuevos sabores, olores, ritos y costumbres, paisajes, y comprender que a pesar de todo ello, en el fondo somos todos iguales. Por otro lado, me encanta probar experiencias nuevas, lazarme a la aventura, y VIVIR.<\/p>\n\n\n\n<p>Precisamente eso es lo que siento cuando viajo, me siento m\u00e1s viva, m\u00e1s en contacto con el mundo, con la naturaleza y conmigo misma. Si tengo que nadar, volar, saltar, correr, bailar, bucear, cabalgar o remar entre caimanes es igual, a todo le digo que s\u00ed. <\/p>\n\n\n\n<p>Al final, esas aventuras y locuras que uno comete cuando est\u00e1 de viaje se convierten en las an\u00e9cdotas que uno cuenta al volver. La vida hay que vivirla sin miedos (digo esto aunque me den p\u00e1nico las ara\u00f1as, las cuales eras especialmente grandes y peludas en Costa Rica), sin prejuicios y sin bloqueos mentales creados por nosotros mismos. Y eso es dif\u00edcil, pero creo que es mejor vivir la vida a veces con alg\u00fan miedo, que vivirla siempre desde el sof\u00e1, eso es lo que realmente me dar\u00eda p\u00e1nico. <\/p>\n\n\n\n<blockquote class=\"wp-block-quote\"><p>Si piensas que la aventura es peligrosa, prueba la rutina, es mortal.<\/p><cite>Paulo Coelho<\/cite><\/blockquote>\n\n\n\n<p>A veces, me preguntan de d\u00f3nde saco todo el tiempo para viajar y la respuesta es sencilla. A pesar de tener un trabajo normal, cada vez que tengo la oportunidad, planeo un viaje. <\/p>\n\n\n\n<p>Por otro lado, tambi\u00e9n me han preguntado \u00bfCu\u00e1l es tu lugar favorito en el mundo? \u00bfCu\u00e1l ha sido tu mejor viaje? Y suelo contestar que Bali es el sitio que se qued\u00f3 fijo en mi coraz\u00f3n; tanto es as\u00ed, que mi boda fue all\u00ed. Pero a pesar de eso, todos los viajes y cada uno de ellos ha sido especial.<\/p>\n\n\n\n<p>El planeta es muy grande y tenemos poco tiempo para recorrerlo entero, por ello, no deber\u00edamos dudar ni un instante en salir corriendo y descubrir todas las maravillas que nos ofrece. De Ushuaia a Cartagena, de Faro a Estambul, de Bombai a Pek\u00edn o de Casablanca a Ciudad del Cabo, el mundo es fascinante y tengo que descubrirlo. Por eso, no suelo repetir lugares que ya he visitado, especialmente fuera de Europa.<\/p>\n\n\n\n<p>Para mi el viaje empieza desde el momento que empiezo a planearlo, a investigar y a trazar mi plan, a so\u00f1ar con \u00e9l aun estando estando despierta. Yo soy de esas que rascan un mapa con los pa\u00edses ya visitados, de las que fantasean con ver agotadas las hojas de su pasaporte y de las que mantienen la cuenta de los pa\u00edses que le quedan por visitar.<\/p>\n\n\n\n<p>Desde hace a\u00f1os, le he dado vueltas a la idea de relatar mis propias vivencias ya que, yo misma, continuamente me sirvo de foros y blogs para preparar mis aventuras. <\/p>\n\n\n\n<p>Sin embargo, este a\u00f1o he recibido un regalo muy especial, mi querido esposo Jaime, ha creado este blog para mi, para que cuente todos estos viajes a mi manera; y que para que de paso, estos diarios os inspiren a vosotros, los que me est\u00e1is leyendo, a viajar y viajar sin parar.<\/p>\n\n\n\n<figure class=\"wp-block-image\"><img loading=\"lazy\" width=\"960\" height=\"639\" src=\"https:\/\/carolina.viajes\/wp-content\/uploads\/2019\/01\/sahara.jpg\" alt=\"\" class=\"wp-image-117\" srcset=\"https:\/\/carolina.viajes\/wp-content\/uploads\/2019\/01\/sahara.jpg 960w, https:\/\/carolina.viajes\/wp-content\/uploads\/2019\/01\/sahara-300x200.jpg 300w, https:\/\/carolina.viajes\/wp-content\/uploads\/2019\/01\/sahara-768x511.jpg 768w\" sizes=\"(max-width: 960px) 100vw, 960px\" \/><figcaption>Relatos de un ber\u00e9ber. Dunas Erg Chebbi &#8211; Marruecos 2017<\/figcaption><\/figure>\n","protected":false},"excerpt":{"rendered":"<p>Viajar ha estado siempre en mi ADN y en mi mente desde que tengo uso de raz\u00f3n. Mis primeros viajes empezaron en Espa\u00f1a, mi pa\u00eds natal, aunque ahora mismo me considero m\u00e1s bien ciudadana europea y del mundo. A trav\u00e9s de estos a\u00f1os, el hecho de vivir en distintos pa\u00edses y el viajar de forma asidua, han ido forjando lentamente pero sin descanso mi forma de pensar y de entender el mundo. Sinceramente creo que el recorrer distintos lugares, conectar con gente de otras culturas, ver distintas formas de vivir o sobrevivir; abre la mente y ayuda a comprender mejor la vida. A lo largo de todos estos viajes -innumerables ya-, me he dado cuenta que en todas las culturas la gente tiene las mismas preocupaciones y necesidades b\u00e1sicas. Realmente es enriquecedor ver que a pesar del idioma, la raza, la religi\u00f3n, cultura o cualquier otro factor externo que nos diferencie, al final las personas somos muy similares entre nosotras. Me maravilla el entrar en contacto con esas gentes de aspecto a veces diferente, y con culturas tan dispares a la m\u00eda, descubrir nuevos sabores, olores, ritos y costumbres, paisajes, y comprender que a pesar de todo ello, en el fondo somos todos iguales. Por otro lado, me encanta probar experiencias nuevas, lazarme a la aventura, y VIVIR. Precisamente eso es lo que siento cuando viajo, me siento m\u00e1s viva, m\u00e1s en contacto con el mundo, con la naturaleza y conmigo misma. Si tengo que nadar, volar, saltar, correr, bailar, bucear, cabalgar o remar entre caimanes es igual, a todo le digo que s\u00ed. Al final, esas aventuras y locuras que uno comete cuando est\u00e1 de viaje se convierten en las an\u00e9cdotas que uno cuenta al volver. La vida hay que vivirla sin miedos (digo esto aunque me den p\u00e1nico las ara\u00f1as, las cuales eras especialmente grandes y peludas en Costa Rica), sin prejuicios y sin bloqueos mentales creados por nosotros mismos. Y eso es dif\u00edcil, pero creo que es mejor vivir la vida a veces con alg\u00fan miedo, que vivirla siempre desde el sof\u00e1, eso es lo que realmente me dar\u00eda p\u00e1nico. Si piensas que la aventura es peligrosa, prueba la rutina, es mortal. Paulo Coelho A veces, me preguntan de d\u00f3nde saco todo el tiempo para viajar y la respuesta es sencilla. A pesar de tener un trabajo normal, cada vez que tengo la oportunidad, planeo un viaje. Por otro lado, tambi\u00e9n me han preguntado \u00bfCu\u00e1l es tu lugar favorito en el mundo? \u00bfCu\u00e1l ha sido tu mejor viaje? Y suelo contestar que Bali es el sitio que se qued\u00f3 fijo en mi coraz\u00f3n; tanto es as\u00ed, que mi boda fue all\u00ed. Pero a pesar de eso, todos los viajes y cada uno de ellos ha sido especial. El planeta es muy grande y tenemos poco tiempo para recorrerlo entero, por ello, no deber\u00edamos dudar ni un instante en salir corriendo y descubrir todas las maravillas que nos ofrece. De Ushuaia a Cartagena, de Faro a Estambul, de Bombai a Pek\u00edn o de Casablanca a Ciudad del Cabo, el mundo es fascinante y tengo que descubrirlo. Por eso, no suelo repetir lugares que ya he visitado, especialmente fuera de Europa. Para mi el viaje empieza desde el momento que empiezo a planearlo, a investigar y a trazar mi plan, a so\u00f1ar con \u00e9l aun estando estando despierta. Yo soy de esas que rascan un mapa con los pa\u00edses ya visitados, de las que fantasean con ver agotadas las hojas de su pasaporte y de las que mantienen la cuenta de los pa\u00edses que le quedan por visitar. Desde hace a\u00f1os, le he dado vueltas a la idea de relatar mis propias vivencias ya que, yo misma, continuamente me sirvo de foros y blogs para preparar mis aventuras. Sin embargo, este a\u00f1o he recibido un regalo muy especial, mi querido esposo Jaime, ha creado este blog para mi, para que cuente todos estos viajes a mi manera; y que para que de paso, estos diarios os inspiren a vosotros, los que me est\u00e1is leyendo, a viajar y viajar sin parar.<\/p>\n","protected":false},"author":2,"featured_media":0,"parent":0,"menu_order":0,"comment_status":"closed","ping_status":"closed","template":"","meta":{"spay_email":""},"yoast_head":"<!-- This site is optimized with the Yoast SEO plugin v16.0.2 - https:\/\/yoast.com\/wordpress\/plugins\/seo\/ -->\n<title>Sobre m\u00ed - Viajando con Carolina<\/title>\n<link rel=\"canonical\" href=\"https:\/\/carolina.viajes\/?page_id=88\" \/>\n<meta property=\"og:locale\" content=\"es_ES\" \/>\n<meta property=\"og:type\" content=\"article\" \/>\n<meta property=\"og:title\" content=\"Sobre m\u00ed - Viajando con Carolina\" \/>\n<meta property=\"og:description\" content=\"Viajar ha estado siempre en mi ADN y en mi mente desde que tengo uso de raz\u00f3n. Mis primeros viajes empezaron en Espa\u00f1a, mi pa\u00eds natal, aunque ahora mismo me considero m\u00e1s bien ciudadana europea y del mundo. A trav\u00e9s de estos a\u00f1os, el hecho de vivir en distintos pa\u00edses y el viajar de forma asidua, han ido forjando lentamente pero sin descanso mi forma de pensar y de entender el mundo. Sinceramente creo que el recorrer distintos lugares, conectar con gente de otras culturas, ver distintas formas de vivir o sobrevivir; abre la mente y ayuda a comprender mejor la vida. A lo largo de todos estos viajes -innumerables ya-, me he dado cuenta que en todas las culturas la gente tiene las mismas preocupaciones y necesidades b\u00e1sicas. Realmente es enriquecedor ver que a pesar del idioma, la raza, la religi\u00f3n, cultura o cualquier otro factor externo que nos diferencie, al final las personas somos muy similares entre nosotras. Me maravilla el entrar en contacto con esas gentes de aspecto a veces diferente, y con culturas tan dispares a la m\u00eda, descubrir nuevos sabores, olores, ritos y costumbres, paisajes, y comprender que a pesar de todo ello, en el fondo somos todos iguales. Por otro lado, me encanta probar experiencias nuevas, lazarme a la aventura, y VIVIR. Precisamente eso es lo que siento cuando viajo, me siento m\u00e1s viva, m\u00e1s en contacto con el mundo, con la naturaleza y conmigo misma. Si tengo que nadar, volar, saltar, correr, bailar, bucear, cabalgar o remar entre caimanes es igual, a todo le digo que s\u00ed. Al final, esas aventuras y locuras que uno comete cuando est\u00e1 de viaje se convierten en las an\u00e9cdotas que uno cuenta al volver. La vida hay que vivirla sin miedos (digo esto aunque me den p\u00e1nico las ara\u00f1as, las cuales eras especialmente grandes y peludas en Costa Rica), sin prejuicios y sin bloqueos mentales creados por nosotros mismos. Y eso es dif\u00edcil, pero creo que es mejor vivir la vida a veces con alg\u00fan miedo, que vivirla siempre desde el sof\u00e1, eso es lo que realmente me dar\u00eda p\u00e1nico. Si piensas que la aventura es peligrosa, prueba la rutina, es mortal. Paulo Coelho A veces, me preguntan de d\u00f3nde saco todo el tiempo para viajar y la respuesta es sencilla. A pesar de tener un trabajo normal, cada vez que tengo la oportunidad, planeo un viaje. Por otro lado, tambi\u00e9n me han preguntado \u00bfCu\u00e1l es tu lugar favorito en el mundo? \u00bfCu\u00e1l ha sido tu mejor viaje? Y suelo contestar que Bali es el sitio que se qued\u00f3 fijo en mi coraz\u00f3n; tanto es as\u00ed, que mi boda fue all\u00ed. Pero a pesar de eso, todos los viajes y cada uno de ellos ha sido especial. El planeta es muy grande y tenemos poco tiempo para recorrerlo entero, por ello, no deber\u00edamos dudar ni un instante en salir corriendo y descubrir todas las maravillas que nos ofrece. De Ushuaia a Cartagena, de Faro a Estambul, de Bombai a Pek\u00edn o de Casablanca a Ciudad del Cabo, el mundo es fascinante y tengo que descubrirlo. Por eso, no suelo repetir lugares que ya he visitado, especialmente fuera de Europa. Para mi el viaje empieza desde el momento que empiezo a planearlo, a investigar y a trazar mi plan, a so\u00f1ar con \u00e9l aun estando estando despierta. Yo soy de esas que rascan un mapa con los pa\u00edses ya visitados, de las que fantasean con ver agotadas las hojas de su pasaporte y de las que mantienen la cuenta de los pa\u00edses que le quedan por visitar. Desde hace a\u00f1os, le he dado vueltas a la idea de relatar mis propias vivencias ya que, yo misma, continuamente me sirvo de foros y blogs para preparar mis aventuras. Sin embargo, este a\u00f1o he recibido un regalo muy especial, mi querido esposo Jaime, ha creado este blog para mi, para que cuente todos estos viajes a mi manera; y que para que de paso, estos diarios os inspiren a vosotros, los que me est\u00e1is leyendo, a viajar y viajar sin parar.\" \/>\n<meta property=\"og:url\" content=\"https:\/\/carolina.viajes\/?page_id=88\" \/>\n<meta property=\"og:site_name\" content=\"Viajando con Carolina\" \/>\n<meta property=\"article:modified_time\" content=\"2019-01-27T20:39:37+00:00\" \/>\n<meta property=\"og:image\" content=\"https:\/\/carolina.viajes\/wp-content\/uploads\/2019\/01\/IMG_1138-e1548612136811-1024x768.jpg\" \/>\n<meta name=\"twitter:card\" content=\"summary_large_image\" \/>\n<meta name=\"twitter:label1\" content=\"Tiempo de lectura\">\n\t<meta name=\"twitter:data1\" content=\"4 minutos\">\n<script type=\"application\/ld+json\" class=\"yoast-schema-graph\">{\"@context\":\"https:\/\/schema.org\",\"@graph\":[{\"@type\":\"WebSite\",\"@id\":\"https:\/\/carolina.viajes\/#website\",\"url\":\"https:\/\/carolina.viajes\/\",\"name\":\"Viajando con Carolina\",\"description\":\"Hay tantos lugares por conocer...\",\"potentialAction\":[{\"@type\":\"SearchAction\",\"target\":\"https:\/\/carolina.viajes\/?s={search_term_string}\",\"query-input\":\"required name=search_term_string\"}],\"inLanguage\":\"es\"},{\"@type\":\"ImageObject\",\"@id\":\"https:\/\/carolina.viajes\/?page_id=88#primaryimage\",\"inLanguage\":\"es\",\"url\":\"https:\/\/carolina.viajes\/wp-content\/uploads\/2019\/01\/IMG_1138-e1548612136811.jpg\",\"width\":2576,\"height\":1932},{\"@type\":\"WebPage\",\"@id\":\"https:\/\/carolina.viajes\/?page_id=88#webpage\",\"url\":\"https:\/\/carolina.viajes\/?page_id=88\",\"name\":\"Sobre m\\u00ed - Viajando con Carolina\",\"isPartOf\":{\"@id\":\"https:\/\/carolina.viajes\/#website\"},\"primaryImageOfPage\":{\"@id\":\"https:\/\/carolina.viajes\/?page_id=88#primaryimage\"},\"datePublished\":\"2019-01-27T17:57:58+00:00\",\"dateModified\":\"2019-01-27T20:39:37+00:00\",\"breadcrumb\":{\"@id\":\"https:\/\/carolina.viajes\/?page_id=88#breadcrumb\"},\"inLanguage\":\"es\",\"potentialAction\":[{\"@type\":\"ReadAction\",\"target\":[\"https:\/\/carolina.viajes\/?page_id=88\"]}]},{\"@type\":\"BreadcrumbList\",\"@id\":\"https:\/\/carolina.viajes\/?page_id=88#breadcrumb\",\"itemListElement\":[{\"@type\":\"ListItem\",\"position\":1,\"item\":{\"@type\":\"WebPage\",\"@id\":\"https:\/\/carolina.viajes\/\",\"url\":\"https:\/\/carolina.viajes\/\",\"name\":\"Home\"}},{\"@type\":\"ListItem\",\"position\":2,\"item\":{\"@type\":\"WebPage\",\"@id\":\"https:\/\/carolina.viajes\/?page_id=88\",\"url\":\"https:\/\/carolina.viajes\/?page_id=88\",\"name\":\"Sobre m\\u00ed\"}}]}]}<\/script>\n<!-- \/ Yoast SEO plugin. -->","_links":{"self":[{"href":"https:\/\/carolina.viajes\/index.php?rest_route=\/wp\/v2\/pages\/88"}],"collection":[{"href":"https:\/\/carolina.viajes\/index.php?rest_route=\/wp\/v2\/pages"}],"about":[{"href":"https:\/\/carolina.viajes\/index.php?rest_route=\/wp\/v2\/types\/page"}],"author":[{"embeddable":true,"href":"https:\/\/carolina.viajes\/index.php?rest_route=\/wp\/v2\/users\/2"}],"replies":[{"embeddable":true,"href":"https:\/\/carolina.viajes\/index.php?rest_route=%2Fwp%2Fv2%2Fcomments&post=88"}],"version-history":[{"count":26,"href":"https:\/\/carolina.viajes\/index.php?rest_route=\/wp\/v2\/pages\/88\/revisions"}],"predecessor-version":[{"id":136,"href":"https:\/\/carolina.viajes\/index.php?rest_route=\/wp\/v2\/pages\/88\/revisions\/136"}],"wp:attachment":[{"href":"https:\/\/carolina.viajes\/index.php?rest_route=%2Fwp%2Fv2%2Fmedia&parent=88"}],"curies":[{"name":"wp","href":"https:\/\/api.w.org\/{rel}","templated":true}]}}