{"id":455,"date":"2019-03-25T23:50:32","date_gmt":"2019-03-25T22:50:32","guid":{"rendered":"https:\/\/carolina.viajes\/?page_id=455"},"modified":"2019-03-25T23:59:49","modified_gmt":"2019-03-25T22:59:49","slug":"politica-de-privacidad","status":"publish","type":"page","link":"https:\/\/carolina.viajes\/?page_id=455","title":{"rendered":"Pol\u00edtica de Privacidad"},"content":{"rendered":"\n<p>El presente \nPol\u00edtica de Privacidad establece los t\u00e9rminos en que carolina.viajes usa\n y protege la informaci\u00f3n que es proporcionada por sus usuarios al \nmomento de utilizar su sitio web. Esta compa\u00f1\u00eda est\u00e1 comprometida con la\n seguridad de los datos de sus usuarios. Cuando le pedimos llenar los \ncampos de informaci\u00f3n personal con la cual usted pueda ser identificado,\n lo hacemos asegurando que s\u00f3lo se emplear\u00e1 de acuerdo con los t\u00e9rminos \nde este documento. Sin embargo esta Pol\u00edtica de Privacidad puede cambiar\n con el tiempo o ser actualizada por lo que le recomendamos y \nenfatizamos revisar continuamente esta p\u00e1gina para asegurarse que est\u00e1 \nde acuerdo con dichos cambios.<\/p>\n\n\n\n<h4><strong>Informaci\u00f3n que es recogida<\/strong><\/h4>\n\n\n\n<p>Nuestro\n sitio web podr\u00e1 recoger informaci\u00f3n personal por ejemplo: Nombre,&nbsp; \ninformaci\u00f3n de contacto como&nbsp; su direcci\u00f3n de correo electr\u00f3nica e \ninformaci\u00f3n demogr\u00e1fica. As\u00ed mismo cuando sea necesario podr\u00e1 ser \nrequerida informaci\u00f3n espec\u00edfica para procesar alg\u00fan pedido o realizar \nuna entrega o facturaci\u00f3n.<\/p>\n\n\n\n<h4><strong>Uso de la informaci\u00f3n recogida<\/strong><\/h4>\n\n\n\n<p>Nuestro\n sitio web emplea la informaci\u00f3n con el fin de proporcionar el mejor \nservicio posible, particularmente para mantener un registro de usuarios,\n de pedidos en caso que aplique, y mejorar nuestros productos y \nservicios. &nbsp;Es posible que sean enviados correos electr\u00f3nicos \nperi\u00f3dicamente a trav\u00e9s de nuestro sitio con ofertas especiales, nuevos \nproductos y otra informaci\u00f3n publicitaria que consideremos relevante \npara usted o que pueda brindarle alg\u00fan beneficio, estos correos \nelectr\u00f3nicos ser\u00e1n enviados a la direcci\u00f3n que usted proporcione y \npodr\u00e1n ser cancelados en cualquier momento.<\/p>\n\n\n\n<p>carolina.viajes est\u00e1 \naltamente comprometido para cumplir con el compromiso de mantener su \ninformaci\u00f3n segura. Usamos los sistemas m\u00e1s avanzados y los actualizamos\n constantemente para asegurarnos que no exista ning\u00fan acceso no \nautorizado.<\/p>\n\n\n\n<h4><strong>Cookies<\/strong><\/h4>\n\n\n\n<p>Una cookie se refiere a\n un fichero que es enviado con la finalidad de solicitar permiso para \nalmacenarse en su ordenador, al aceptar dicho fichero se crea y la \ncookie sirve entonces para tener informaci\u00f3n respecto al tr\u00e1fico web, y \ntambi\u00e9n facilita las futuras visitas a una web recurrente. Otra funci\u00f3n \nque tienen las cookies es que con ellas las web pueden reconocerte \nindividualmente y por tanto brindarte el mejor servicio personalizado de\n su web.<\/p>\n\n\n\n<p>Nuestro sitio web emplea las cookies para poder  identificar las p\u00e1ginas que son visitadas y su frecuencia. Esta  informaci\u00f3n es empleada \u00fanicamente para an\u00e1lisis estad\u00edstico y despu\u00e9s  la informaci\u00f3n se elimina de forma permanente. Usted puede eliminar las  cookies en cualquier momento desde su ordenador. Sin embargo las cookies  ayudan a proporcionar un mejor servicio de los sitios web, est\u00e1s no dan  acceso a informaci\u00f3n de su ordenador ni de usted, a menos de que usted  as\u00ed lo quiera y la proporcione directamente, visitas a una web .  Usted puede aceptar o negar el uso de cookies, sin embargo la mayor\u00eda  de navegadores aceptan cookies autom\u00e1ticamente pues sirve para tener un  mejor servicio web. Tambi\u00e9n usted puede cambiar la configuraci\u00f3n de su  ordenador para declinar las cookies. Si se declinan es posible que no  pueda utilizar algunos de nuestros servicios.<\/p>\n\n\n\n<h4><strong>Enlaces a Terceros<\/strong><\/h4>\n\n\n\n<p>Este\n sitio web pudiera contener en laces a otros sitios que pudieran ser de \nsu inter\u00e9s. Una vez que usted de clic en estos enlaces y abandone \nnuestra p\u00e1gina, ya no tenemos control sobre al sitio al que es \nredirigido y por lo tanto no somos responsables de los t\u00e9rminos o \nprivacidad ni de la protecci\u00f3n de sus datos en esos otros sitios \nterceros. Dichos sitios est\u00e1n sujetos a sus propias pol\u00edticas de \nprivacidad por lo cual es recomendable que los consulte para confirmar \nque usted est\u00e1 de acuerdo con estas.<\/p>\n\n\n\n<h4><strong>Control de su informaci\u00f3n personal<\/strong><\/h4>\n\n\n\n<p>En\n cualquier momento usted puede restringir la recopilaci\u00f3n o el uso de la\n informaci\u00f3n personal que es proporcionada a nuestro sitio web.&nbsp; Cada \nvez que se le solicite rellenar un formulario, como el de alta de \nusuario, puede marcar o desmarcar la opci\u00f3n de recibir informaci\u00f3n por \ncorreo electr\u00f3nico. &nbsp;En caso de que haya marcado la opci\u00f3n de recibir \nnuestro bolet\u00edn o publicidad usted puede cancelarla en cualquier \nmomento.<\/p>\n\n\n\n<p>Esta compa\u00f1\u00eda no vender\u00e1, ceder\u00e1 ni distribuir\u00e1 la \ninformaci\u00f3n personal que es recopilada sin su consentimiento, salvo que \nsea requerido por un juez con un orden judicial.<\/p>\n\n\n\n<p>carolina.viajes Se reserva el derecho de cambiar los t\u00e9rminos de la presente Pol\u00edtica de Privacidad en cualquier momento.<\/p>\n","protected":false},"excerpt":{"rendered":"<p>El presente Pol\u00edtica de Privacidad establece los t\u00e9rminos en que carolina.viajes usa y protege la informaci\u00f3n que es proporcionada por sus usuarios al momento de utilizar su sitio web. Esta compa\u00f1\u00eda est\u00e1 comprometida con la seguridad de los datos de sus usuarios. Cuando le pedimos llenar los campos de informaci\u00f3n personal con la cual usted pueda ser identificado, lo hacemos asegurando que s\u00f3lo se emplear\u00e1 de acuerdo con los t\u00e9rminos de este documento. Sin embargo esta Pol\u00edtica de Privacidad puede cambiar con el tiempo o ser actualizada por lo que le recomendamos y enfatizamos revisar continuamente esta p\u00e1gina para asegurarse que est\u00e1 de acuerdo con dichos cambios. Informaci\u00f3n que es recogida Nuestro sitio web podr\u00e1 recoger informaci\u00f3n personal por ejemplo: Nombre,&nbsp; informaci\u00f3n de contacto como&nbsp; su direcci\u00f3n de correo electr\u00f3nica e informaci\u00f3n demogr\u00e1fica. As\u00ed mismo cuando sea necesario podr\u00e1 ser requerida informaci\u00f3n espec\u00edfica para procesar alg\u00fan pedido o realizar una entrega o facturaci\u00f3n. Uso de la informaci\u00f3n recogida Nuestro sitio web emplea la informaci\u00f3n con el fin de proporcionar el mejor servicio posible, particularmente para mantener un registro de usuarios, de pedidos en caso que aplique, y mejorar nuestros productos y servicios. &nbsp;Es posible que sean enviados correos electr\u00f3nicos peri\u00f3dicamente a trav\u00e9s de nuestro sitio con ofertas especiales, nuevos productos y otra informaci\u00f3n publicitaria que consideremos relevante para usted o que pueda brindarle alg\u00fan beneficio, estos correos electr\u00f3nicos ser\u00e1n enviados a la direcci\u00f3n que usted proporcione y podr\u00e1n ser cancelados en cualquier momento. carolina.viajes est\u00e1 altamente comprometido para cumplir con el compromiso de mantener su informaci\u00f3n segura. Usamos los sistemas m\u00e1s avanzados y los actualizamos constantemente para asegurarnos que no exista ning\u00fan acceso no autorizado. Cookies Una cookie se refiere a un fichero que es enviado con la finalidad de solicitar permiso para almacenarse en su ordenador, al aceptar dicho fichero se crea y la cookie sirve entonces para tener informaci\u00f3n respecto al tr\u00e1fico web, y tambi\u00e9n facilita las futuras visitas a una web recurrente. Otra funci\u00f3n que tienen las cookies es que con ellas las web pueden reconocerte individualmente y por tanto brindarte el mejor servicio personalizado de su web. Nuestro sitio web emplea las cookies para poder identificar las p\u00e1ginas que son visitadas y su frecuencia. Esta informaci\u00f3n es empleada \u00fanicamente para an\u00e1lisis estad\u00edstico y despu\u00e9s la informaci\u00f3n se elimina de forma permanente. Usted puede eliminar las cookies en cualquier momento desde su ordenador. Sin embargo las cookies ayudan a proporcionar un mejor servicio de los sitios web, est\u00e1s no dan acceso a informaci\u00f3n de su ordenador ni de usted, a menos de que usted as\u00ed lo quiera y la proporcione directamente, visitas a una web . Usted puede aceptar o negar el uso de cookies, sin embargo la mayor\u00eda de navegadores aceptan cookies autom\u00e1ticamente pues sirve para tener un mejor servicio web. Tambi\u00e9n usted puede cambiar la configuraci\u00f3n de su ordenador para declinar las cookies. Si se declinan es posible que no pueda utilizar algunos de nuestros servicios. Enlaces a Terceros Este sitio web pudiera contener en laces a otros sitios que pudieran ser de su inter\u00e9s. Una vez que usted de clic en estos enlaces y abandone nuestra p\u00e1gina, ya no tenemos control sobre al sitio al que es redirigido y por lo tanto no somos responsables de los t\u00e9rminos o privacidad ni de la protecci\u00f3n de sus datos en esos otros sitios terceros. Dichos sitios est\u00e1n sujetos a sus propias pol\u00edticas de privacidad por lo cual es recomendable que los consulte para confirmar que usted est\u00e1 de acuerdo con estas. Control de su informaci\u00f3n personal En cualquier momento usted puede restringir la recopilaci\u00f3n o el uso de la informaci\u00f3n personal que es proporcionada a nuestro sitio web.&nbsp; Cada vez que se le solicite rellenar un formulario, como el de alta de usuario, puede marcar o desmarcar la opci\u00f3n de recibir informaci\u00f3n por correo electr\u00f3nico. &nbsp;En caso de que haya marcado la opci\u00f3n de recibir nuestro bolet\u00edn o publicidad usted puede cancelarla en cualquier momento. Esta compa\u00f1\u00eda no vender\u00e1, ceder\u00e1 ni distribuir\u00e1 la informaci\u00f3n personal que es recopilada sin su consentimiento, salvo que sea requerido por un juez con un orden judicial. carolina.viajes Se reserva el derecho de cambiar los t\u00e9rminos de la presente Pol\u00edtica de Privacidad en cualquier momento.<\/p>\n","protected":false},"author":2,"featured_media":0,"parent":0,"menu_order":0,"comment_status":"closed","ping_status":"closed","template":"","meta":{"spay_email":""},"yoast_head":"<!-- This site is optimized with the Yoast SEO plugin v16.0.2 - https:\/\/yoast.com\/wordpress\/plugins\/seo\/ -->\n<title>Pol\u00edtica de Privacidad - Viajando con Carolina<\/title>\n<link rel=\"canonical\" href=\"https:\/\/carolina.viajes\/?page_id=455\" \/>\n<meta property=\"og:locale\" content=\"es_ES\" \/>\n<meta property=\"og:type\" content=\"article\" \/>\n<meta property=\"og:title\" content=\"Pol\u00edtica de Privacidad - Viajando con Carolina\" \/>\n<meta property=\"og:description\" content=\"El presente Pol\u00edtica de Privacidad establece los t\u00e9rminos en que carolina.viajes usa y protege la informaci\u00f3n que es proporcionada por sus usuarios al momento de utilizar su sitio web. Esta compa\u00f1\u00eda est\u00e1 comprometida con la seguridad de los datos de sus usuarios. Cuando le pedimos llenar los campos de informaci\u00f3n personal con la cual usted pueda ser identificado, lo hacemos asegurando que s\u00f3lo se emplear\u00e1 de acuerdo con los t\u00e9rminos de este documento. Sin embargo esta Pol\u00edtica de Privacidad puede cambiar con el tiempo o ser actualizada por lo que le recomendamos y enfatizamos revisar continuamente esta p\u00e1gina para asegurarse que est\u00e1 de acuerdo con dichos cambios. Informaci\u00f3n que es recogida Nuestro sitio web podr\u00e1 recoger informaci\u00f3n personal por ejemplo: Nombre,&nbsp; informaci\u00f3n de contacto como&nbsp; su direcci\u00f3n de correo electr\u00f3nica e informaci\u00f3n demogr\u00e1fica. As\u00ed mismo cuando sea necesario podr\u00e1 ser requerida informaci\u00f3n espec\u00edfica para procesar alg\u00fan pedido o realizar una entrega o facturaci\u00f3n. Uso de la informaci\u00f3n recogida Nuestro sitio web emplea la informaci\u00f3n con el fin de proporcionar el mejor servicio posible, particularmente para mantener un registro de usuarios, de pedidos en caso que aplique, y mejorar nuestros productos y servicios. &nbsp;Es posible que sean enviados correos electr\u00f3nicos peri\u00f3dicamente a trav\u00e9s de nuestro sitio con ofertas especiales, nuevos productos y otra informaci\u00f3n publicitaria que consideremos relevante para usted o que pueda brindarle alg\u00fan beneficio, estos correos electr\u00f3nicos ser\u00e1n enviados a la direcci\u00f3n que usted proporcione y podr\u00e1n ser cancelados en cualquier momento. carolina.viajes est\u00e1 altamente comprometido para cumplir con el compromiso de mantener su informaci\u00f3n segura. Usamos los sistemas m\u00e1s avanzados y los actualizamos constantemente para asegurarnos que no exista ning\u00fan acceso no autorizado. Cookies Una cookie se refiere a un fichero que es enviado con la finalidad de solicitar permiso para almacenarse en su ordenador, al aceptar dicho fichero se crea y la cookie sirve entonces para tener informaci\u00f3n respecto al tr\u00e1fico web, y tambi\u00e9n facilita las futuras visitas a una web recurrente. Otra funci\u00f3n que tienen las cookies es que con ellas las web pueden reconocerte individualmente y por tanto brindarte el mejor servicio personalizado de su web. Nuestro sitio web emplea las cookies para poder identificar las p\u00e1ginas que son visitadas y su frecuencia. Esta informaci\u00f3n es empleada \u00fanicamente para an\u00e1lisis estad\u00edstico y despu\u00e9s la informaci\u00f3n se elimina de forma permanente. Usted puede eliminar las cookies en cualquier momento desde su ordenador. Sin embargo las cookies ayudan a proporcionar un mejor servicio de los sitios web, est\u00e1s no dan acceso a informaci\u00f3n de su ordenador ni de usted, a menos de que usted as\u00ed lo quiera y la proporcione directamente, visitas a una web . Usted puede aceptar o negar el uso de cookies, sin embargo la mayor\u00eda de navegadores aceptan cookies autom\u00e1ticamente pues sirve para tener un mejor servicio web. Tambi\u00e9n usted puede cambiar la configuraci\u00f3n de su ordenador para declinar las cookies. Si se declinan es posible que no pueda utilizar algunos de nuestros servicios. Enlaces a Terceros Este sitio web pudiera contener en laces a otros sitios que pudieran ser de su inter\u00e9s. Una vez que usted de clic en estos enlaces y abandone nuestra p\u00e1gina, ya no tenemos control sobre al sitio al que es redirigido y por lo tanto no somos responsables de los t\u00e9rminos o privacidad ni de la protecci\u00f3n de sus datos en esos otros sitios terceros. Dichos sitios est\u00e1n sujetos a sus propias pol\u00edticas de privacidad por lo cual es recomendable que los consulte para confirmar que usted est\u00e1 de acuerdo con estas. Control de su informaci\u00f3n personal En cualquier momento usted puede restringir la recopilaci\u00f3n o el uso de la informaci\u00f3n personal que es proporcionada a nuestro sitio web.&nbsp; Cada vez que se le solicite rellenar un formulario, como el de alta de usuario, puede marcar o desmarcar la opci\u00f3n de recibir informaci\u00f3n por correo electr\u00f3nico. &nbsp;En caso de que haya marcado la opci\u00f3n de recibir nuestro bolet\u00edn o publicidad usted puede cancelarla en cualquier momento. Esta compa\u00f1\u00eda no vender\u00e1, ceder\u00e1 ni distribuir\u00e1 la informaci\u00f3n personal que es recopilada sin su consentimiento, salvo que sea requerido por un juez con un orden judicial. carolina.viajes Se reserva el derecho de cambiar los t\u00e9rminos de la presente Pol\u00edtica de Privacidad en cualquier momento.\" \/>\n<meta property=\"og:url\" content=\"https:\/\/carolina.viajes\/?page_id=455\" \/>\n<meta property=\"og:site_name\" content=\"Viajando con Carolina\" \/>\n<meta property=\"article:modified_time\" content=\"2019-03-25T22:59:49+00:00\" \/>\n<meta name=\"twitter:card\" content=\"summary_large_image\" \/>\n<meta name=\"twitter:label1\" content=\"Tiempo de lectura\">\n\t<meta name=\"twitter:data1\" content=\"4 minutos\">\n<script type=\"application\/ld+json\" class=\"yoast-schema-graph\">{\"@context\":\"https:\/\/schema.org\",\"@graph\":[{\"@type\":\"WebSite\",\"@id\":\"https:\/\/carolina.viajes\/#website\",\"url\":\"https:\/\/carolina.viajes\/\",\"name\":\"Viajando con Carolina\",\"description\":\"Hay tantos lugares por conocer...\",\"potentialAction\":[{\"@type\":\"SearchAction\",\"target\":\"https:\/\/carolina.viajes\/?s={search_term_string}\",\"query-input\":\"required name=search_term_string\"}],\"inLanguage\":\"es\"},{\"@type\":\"WebPage\",\"@id\":\"https:\/\/carolina.viajes\/?page_id=455#webpage\",\"url\":\"https:\/\/carolina.viajes\/?page_id=455\",\"name\":\"Pol\\u00edtica de Privacidad - Viajando con Carolina\",\"isPartOf\":{\"@id\":\"https:\/\/carolina.viajes\/#website\"},\"datePublished\":\"2019-03-25T22:50:32+00:00\",\"dateModified\":\"2019-03-25T22:59:49+00:00\",\"breadcrumb\":{\"@id\":\"https:\/\/carolina.viajes\/?page_id=455#breadcrumb\"},\"inLanguage\":\"es\",\"potentialAction\":[{\"@type\":\"ReadAction\",\"target\":[\"https:\/\/carolina.viajes\/?page_id=455\"]}]},{\"@type\":\"BreadcrumbList\",\"@id\":\"https:\/\/carolina.viajes\/?page_id=455#breadcrumb\",\"itemListElement\":[{\"@type\":\"ListItem\",\"position\":1,\"item\":{\"@type\":\"WebPage\",\"@id\":\"https:\/\/carolina.viajes\/\",\"url\":\"https:\/\/carolina.viajes\/\",\"name\":\"Home\"}},{\"@type\":\"ListItem\",\"position\":2,\"item\":{\"@type\":\"WebPage\",\"@id\":\"https:\/\/carolina.viajes\/?page_id=455\",\"url\":\"https:\/\/carolina.viajes\/?page_id=455\",\"name\":\"Pol\\u00edtica de Privacidad\"}}]}]}<\/script>\n<!-- \/ Yoast SEO plugin. -->","_links":{"self":[{"href":"https:\/\/carolina.viajes\/index.php?rest_route=\/wp\/v2\/pages\/455"}],"collection":[{"href":"https:\/\/carolina.viajes\/index.php?rest_route=\/wp\/v2\/pages"}],"about":[{"href":"https:\/\/carolina.viajes\/index.php?rest_route=\/wp\/v2\/types\/page"}],"author":[{"embeddable":true,"href":"https:\/\/carolina.viajes\/index.php?rest_route=\/wp\/v2\/users\/2"}],"replies":[{"embeddable":true,"href":"https:\/\/carolina.viajes\/index.php?rest_route=%2Fwp%2Fv2%2Fcomments&post=455"}],"version-history":[{"count":3,"href":"https:\/\/carolina.viajes\/index.php?rest_route=\/wp\/v2\/pages\/455\/revisions"}],"predecessor-version":[{"id":462,"href":"https:\/\/carolina.viajes\/index.php?rest_route=\/wp\/v2\/pages\/455\/revisions\/462"}],"wp:attachment":[{"href":"https:\/\/carolina.viajes\/index.php?rest_route=%2Fwp%2Fv2%2Fmedia&parent=455"}],"curies":[{"name":"wp","href":"https:\/\/api.w.org\/{rel}","templated":true}]}}